{"id":123,"date":"2023-12-19T16:51:34","date_gmt":"2023-12-19T19:51:34","guid":{"rendered":"https:\/\/siscloud.com.br\/index.php\/servicos\/"},"modified":"2024-01-23T23:10:20","modified_gmt":"2024-01-24T02:10:20","slug":"servicos","status":"publish","type":"page","link":"https:\/\/siscloud.com.br\/index.php\/servicos\/","title":{"rendered":"Produtos"},"content":{"rendered":"\n\n","protected":false},"excerpt":{"rendered":"","protected":false},"author":1,"featured_media":0,"parent":0,"menu_order":0,"comment_status":"closed","ping_status":"closed","template":"full-width","meta":{"saved_in_kubio":true,"jetpack_post_was_ever_published":false,"footnotes":""},"aioseo_notices":[],"kubio_ai_page_context":{"short_desc":"","purpose":"general"},"jetpack-related-posts":[{"id":374,"url":"https:\/\/siscloud.com.br\/index.php\/food\/","url_meta":{"origin":123,"position":0},"title":"SIS Cloud Food","author":"Daniel","date":"29 de dezembro de 2023","format":false,"excerpt":"Entrega sua gest\u00e3o de bandeja. Um sistema de gest\u00e3o completo, f\u00e1cil de usar, simples para emitir documentos fiscais e controlar a rotina do seu restaurante ou lanchonete. Desenvolvido para MEI, ME, Simples, Lucro Real e Lucro Presumido. Principais recursos Comandas Gerir de forma individual ou coletiva as comandas, tendo a\u2026","rel":"","context":"Post similar","block_context":{"text":"Post similar","link":""},"img":{"alt_text":"","src":"","width":0,"height":0},"classes":[]},{"id":99,"url":"https:\/\/siscloud.com.br\/","url_meta":{"origin":123,"position":1},"title":"Home","author":"Daniel","date":"19 de dezembro de 2023","format":false,"excerpt":"Happy female cashier scanning grocery items at supermarket Para cada necessidade uma solu\u00e7\u00e3o Solu\u00e7\u00f5es de Gest\u00e3o! A SIS CLOUD \u00e9 uma empresa de tecnologia que atende mais de 40 segmentos, com solu\u00e7\u00f5es especificas para cada tipo de negocio! Saiba mais O que oferecemos Software Completo Oferecemos uma solu\u00e7\u00e3o completa de\u2026","rel":"","context":"Post similar","block_context":{"text":"Post similar","link":""},"img":{"alt_text":"","src":"","width":0,"height":0},"classes":[]}],"jetpack_sharing_enabled":true,"jetpack_shortlink":"https:\/\/wp.me\/Pfhvyp-1Z","_links":{"self":[{"href":"https:\/\/siscloud.com.br\/index.php\/wp-json\/wp\/v2\/pages\/123"}],"collection":[{"href":"https:\/\/siscloud.com.br\/index.php\/wp-json\/wp\/v2\/pages"}],"about":[{"href":"https:\/\/siscloud.com.br\/index.php\/wp-json\/wp\/v2\/types\/page"}],"author":[{"embeddable":true,"href":"https:\/\/siscloud.com.br\/index.php\/wp-json\/wp\/v2\/users\/1"}],"replies":[{"embeddable":true,"href":"https:\/\/siscloud.com.br\/index.php\/wp-json\/wp\/v2\/comments?post=123"}],"version-history":[{"count":19,"href":"https:\/\/siscloud.com.br\/index.php\/wp-json\/wp\/v2\/pages\/123\/revisions"}],"predecessor-version":[{"id":452,"href":"https:\/\/siscloud.com.br\/index.php\/wp-json\/wp\/v2\/pages\/123\/revisions\/452"}],"wp:attachment":[{"href":"https:\/\/siscloud.com.br\/index.php\/wp-json\/wp\/v2\/media?parent=123"}],"curies":[{"name":"wp","href":"https:\/\/api.w.org\/{rel}","templated":true}]}}