{"id":124,"date":"2023-12-19T16:51:34","date_gmt":"2023-12-19T19:51:34","guid":{"rendered":"https:\/\/siscloud.com.br\/index.php\/contato\/"},"modified":"2023-12-27T09:09:13","modified_gmt":"2023-12-27T12:09:13","slug":"contato","status":"publish","type":"page","link":"https:\/\/siscloud.com.br\/index.php\/contato\/","title":{"rendered":"Contato"},"content":{"rendered":"\n\n","protected":false},"excerpt":{"rendered":"","protected":false},"author":1,"featured_media":0,"parent":0,"menu_order":0,"comment_status":"closed","ping_status":"closed","template":"full-width","meta":{"saved_in_kubio":true,"jetpack_post_was_ever_published":false,"footnotes":""},"aioseo_notices":[],"kubio_ai_page_context":{"short_desc":"","purpose":"general"},"jetpack-related-posts":[{"id":122,"url":"https:\/\/siscloud.com.br\/index.php\/parcerias\/","url_meta":{"origin":124,"position":0},"title":"Parceria","author":"Daniel","date":"19 de dezembro de 2023","format":false,"excerpt":"Lucro recorente Fa\u00e7a dinheiro todo m\u00eas indicando novos clientes. SUPORTE EFICIENTE Suporte \u00e1gil e eficiente sempre que precisar! vARIOS SEGMENTOS N\u00e3o fique limitado apenas a poucos segmentos, atendemos mais de 40 PARCEIRA SIS CLOUD \u00c9 s\u00f3 indicar. Sem custos.Sem fidelidade. Tudo que voc\u00ea precisa para ser nosso parceiro \u00e9 indicar\u2026","rel":"","context":"Post similar","block_context":{"text":"Post similar","link":""},"img":{"alt_text":"","src":"","width":0,"height":0},"classes":[]}],"jetpack_sharing_enabled":true,"jetpack_shortlink":"https:\/\/wp.me\/Pfhvyp-20","_links":{"self":[{"href":"https:\/\/siscloud.com.br\/index.php\/wp-json\/wp\/v2\/pages\/124"}],"collection":[{"href":"https:\/\/siscloud.com.br\/index.php\/wp-json\/wp\/v2\/pages"}],"about":[{"href":"https:\/\/siscloud.com.br\/index.php\/wp-json\/wp\/v2\/types\/page"}],"author":[{"embeddable":true,"href":"https:\/\/siscloud.com.br\/index.php\/wp-json\/wp\/v2\/users\/1"}],"replies":[{"embeddable":true,"href":"https:\/\/siscloud.com.br\/index.php\/wp-json\/wp\/v2\/comments?post=124"}],"version-history":[{"count":15,"href":"https:\/\/siscloud.com.br\/index.php\/wp-json\/wp\/v2\/pages\/124\/revisions"}],"predecessor-version":[{"id":363,"href":"https:\/\/siscloud.com.br\/index.php\/wp-json\/wp\/v2\/pages\/124\/revisions\/363"}],"wp:attachment":[{"href":"https:\/\/siscloud.com.br\/index.php\/wp-json\/wp\/v2\/media?parent=124"}],"curies":[{"name":"wp","href":"https:\/\/api.w.org\/{rel}","templated":true}]}}