{"id":436,"date":"2024-01-23T23:00:41","date_gmt":"2024-01-24T02:00:41","guid":{"rendered":"https:\/\/siscloud.com.br\/index.php\/sis-cloud-barbearia\/"},"modified":"2024-01-23T23:02:40","modified_gmt":"2024-01-24T02:02:40","slug":"sis-cloud-barbearia","status":"publish","type":"page","link":"https:\/\/siscloud.com.br\/index.php\/sis-cloud-barbearia\/","title":{"rendered":"SIS Cloud Barbearia"},"content":{"rendered":"\n\n\n\n\n\n\n\n","protected":false},"excerpt":{"rendered":"","protected":false},"author":1,"featured_media":0,"parent":0,"menu_order":0,"comment_status":"closed","ping_status":"closed","template":"full-width","meta":{"saved_in_kubio":true,"jetpack_post_was_ever_published":false,"footnotes":""},"aioseo_notices":[],"kubio_ai_page_context":{"short_desc":"","purpose":"general"},"jetpack-related-posts":[{"id":123,"url":"https:\/\/siscloud.com.br\/index.php\/servicos\/","url_meta":{"origin":436,"position":0},"title":"Produtos","author":"Daniel","date":"19 de dezembro de 2023","format":false,"excerpt":"Conhe\u00e7as todos os segmentos Para cada segmento uma solu\u00e7\u00e3o especializada! Sis cloud web Sistema de gest\u00e3o perfeito para pequenos e m\u00e9dios neg\u00f3cios, do MEI ao Lucro Real, Alguns segmentos; Mercados, Distribuidoras, Lojas, Oficinas entre outros. Saber mais sis cloud Clinicas A plataforma otimiza processos, controla o fluxo de consultas com\u2026","rel":"","context":"Post similar","block_context":{"text":"Post similar","link":""},"img":{"alt_text":"","src":"","width":0,"height":0},"classes":[]},{"id":447,"url":"https:\/\/siscloud.com.br\/index.php\/sis-cloud-pet\/","url_meta":{"origin":436,"position":1},"title":"SIS Cloud PET","author":"Daniel","date":"23 de janeiro de 2024","format":false,"excerpt":"De plant\u00e3o at\u00e9 nos seus dias de folga. Quanto mais automatizada a sua rotina, mais tempo para voc\u00ea e seus pacientes. O SIS CLOUD Cl\u00ednicas \u00e9 um sistema que tem como objetivo facilitar a gest\u00e3o de cl\u00ednicas m\u00e9dicas, odontol\u00f3gicas, veterin\u00e1rias e diversas outras modalidades. Desenvolvido para MEI, ME, Simples, Lucro\u2026","rel":"","context":"Post similar","block_context":{"text":"Post similar","link":""},"img":{"alt_text":"","src":"","width":0,"height":0},"classes":[]},{"id":99,"url":"https:\/\/siscloud.com.br\/","url_meta":{"origin":436,"position":2},"title":"Home","author":"Daniel","date":"19 de dezembro de 2023","format":false,"excerpt":"Happy female cashier scanning grocery items at supermarket Para cada necessidade uma solu\u00e7\u00e3o Solu\u00e7\u00f5es de Gest\u00e3o! A SIS CLOUD \u00e9 uma empresa de tecnologia que atende mais de 40 segmentos, com solu\u00e7\u00f5es especificas para cada tipo de negocio! Saiba mais O que oferecemos Software Completo Oferecemos uma solu\u00e7\u00e3o completa de\u2026","rel":"","context":"Post similar","block_context":{"text":"Post similar","link":""},"img":{"alt_text":"","src":"","width":0,"height":0},"classes":[]},{"id":389,"url":"https:\/\/siscloud.com.br\/index.php\/sis-cloud-salao\/","url_meta":{"origin":436,"position":3},"title":"SIS Cloud Salao","author":"Daniel","date":"29 de dezembro de 2023","format":false,"excerpt":"Uma plataforma para uma gest\u00e3o impec\u00e1vel. Com as agendas cheias, movimento intenso e muita tarefa para ser feita, o Avante Sal\u00f5es ser\u00e1 a melhor ferramenta para facilitar o dia a dia de sal\u00f5es de beleza, cl\u00ednicas de est\u00e9tica e semelhantes. Desenvolvido para MEI, ME, Simples, Lucro Real e Lucro Presumido.\u2026","rel":"","context":"Post similar","block_context":{"text":"Post similar","link":""},"img":{"alt_text":"","src":"","width":0,"height":0},"classes":[]},{"id":272,"url":"https:\/\/siscloud.com.br\/index.php\/clinicas\/","url_meta":{"origin":436,"position":4},"title":"SIS Cloud Clinicas","author":"Daniel","date":"21 de dezembro de 2023","format":false,"excerpt":"De plant\u00e3o at\u00e9 nos seus dias de folga. Quanto mais automatizada a sua rotina, mais tempo para voc\u00ea e seus pacientes. O SIS CLOUD Cl\u00ednicas \u00e9 um sistema que tem como objetivo facilitar a gest\u00e3o de cl\u00ednicas m\u00e9dicas, odontol\u00f3gicas, veterin\u00e1rias e diversas outras modalidades. Desenvolvido para MEI, ME, Simples, Lucro\u2026","rel":"","context":"Post similar","block_context":{"text":"Post similar","link":""},"img":{"alt_text":"","src":"","width":0,"height":0},"classes":[]},{"id":224,"url":"https:\/\/siscloud.com.br\/index.php\/siscloud-web\/","url_meta":{"origin":436,"position":5},"title":"SIS Cloud WEB","author":"Daniel","date":"21 de dezembro de 2023","format":false,"excerpt":"Tudo o que a sua empresa precisa em um s\u00f3 lugar Atende empresas de pequeno e m\u00e9dio porte, com a mesma efici\u00eancia. Indicado para MEI, empresas do Simples, Lucro real ou Presumido. Planos e fun\u00e7\u00f5es do sistema Tudo o que a sua empresa precisa em um s\u00f3 lugar Gest\u00e3o integrada,\u2026","rel":"","context":"Post similar","block_context":{"text":"Post similar","link":""},"img":{"alt_text":"","src":"","width":0,"height":0},"classes":[]}],"jetpack_sharing_enabled":true,"jetpack_shortlink":"https:\/\/wp.me\/Pfhvyp-72","_links":{"self":[{"href":"https:\/\/siscloud.com.br\/index.php\/wp-json\/wp\/v2\/pages\/436"}],"collection":[{"href":"https:\/\/siscloud.com.br\/index.php\/wp-json\/wp\/v2\/pages"}],"about":[{"href":"https:\/\/siscloud.com.br\/index.php\/wp-json\/wp\/v2\/types\/page"}],"author":[{"embeddable":true,"href":"https:\/\/siscloud.com.br\/index.php\/wp-json\/wp\/v2\/users\/1"}],"replies":[{"embeddable":true,"href":"https:\/\/siscloud.com.br\/index.php\/wp-json\/wp\/v2\/comments?post=436"}],"version-history":[{"count":1,"href":"https:\/\/siscloud.com.br\/index.php\/wp-json\/wp\/v2\/pages\/436\/revisions"}],"predecessor-version":[{"id":443,"href":"https:\/\/siscloud.com.br\/index.php\/wp-json\/wp\/v2\/pages\/436\/revisions\/443"}],"wp:attachment":[{"href":"https:\/\/siscloud.com.br\/index.php\/wp-json\/wp\/v2\/media?parent=436"}],"curies":[{"name":"wp","href":"https:\/\/api.w.org\/{rel}","templated":true}]}}